{"id":18,"date":"2024-12-04T19:35:27","date_gmt":"2024-12-04T19:35:27","guid":{"rendered":"https:\/\/emag-design.pl\/?page_id=18"},"modified":"2024-12-15T15:01:39","modified_gmt":"2024-12-15T15:01:39","slug":"emag-design-sp-z-o-o","status":"publish","type":"page","link":"https:\/\/emag-design.pl","title":{"rendered":"Emag Design"},"content":{"rendered":"\n<div class=\"wp-block-group alignfull is-layout-flow wp-block-group-is-layout-flow\" style=\"padding-top:var(--wp--preset--spacing--20);padding-right:var(--wp--preset--spacing--40);padding-bottom:var(--wp--preset--spacing--20);padding-left:var(--wp--preset--spacing--40)\">\n<div class=\"wp-block-group is-layout-flow wp-container-core-group-is-layout-d6743c7d wp-block-group-is-layout-flow\">\n<h1 class=\"wp-block-heading has-text-align-center has-large-font-size\" style=\"border-style:none;border-width:0px\"><strong>EMAG DESIGN sp. z o.o.<\/strong> <strong>to Tw\u00f3j partner w dziedzinie bada\u0144 i rozwoju w obszarze elektromagnetyzmu<\/strong><\/h1>\n\n\n\n<div style=\"height:1.25rem\" aria-hidden=\"true\" class=\"wp-block-spacer\"><\/div>\n\n\n\n<p class=\"has-text-align-center has-medium-font-size\" style=\"margin-top:0;margin-right:0;margin-bottom:0;margin-left:0\">Misj\u0105 naszej firmy jest zapewnienie swoim klientom us\u0142ug badawczo-rozwojowych i in\u017cynierskich na poziomie \u015bwiatowym przy jednoczesnym zachowaniu rozs\u0105dnych koszt\u00f3w. Od 2013 roku dzia\u0142amy w obszarze prac badawczo-rozwojowych i zaawansowanych oblicze\u0144 projektowych i optymalizacyjnych oraz symulacji komputerowych. Wsp\u00f3\u0142pracujemy z wybitnymi ekspertami z wiod\u0105cych o\u015brodk\u00f3w naukowych w Polsce, mi\u0119dzy innymi z naukowcami z Politechniki Pozna\u0144skiej, \u0141\u00f3dzkiej czy Gda\u0144skiej. Zrealizowali\u015bmy z sukcesem ponad 40 projekt\u00f3w z firmami z Stan\u00f3w Zjednoczonych, Holandii, Wielkiej Brytanii, Czech, Irlandii i Polski.&nbsp; O jako\u015bci naszej pracy \u015bwiadczy m.in. wsp\u00f3\u0142autorstwo realizator\u00f3w tych projekt\u00f3w w blisko 30 mi\u0119dzynarodowych patentach i zg\u0142oszeniach patentowych.<br>&nbsp;<\/p>\n<\/div>\n\n\n\n<figure class=\"wp-block-image alignwide size-full has-custom-border is-style-rounded is-style-rounded--1\"><img loading=\"lazy\" decoding=\"async\" width=\"1920\" height=\"1080\" src=\"https:\/\/emag-design.pl\/wp-content\/uploads\/2024\/11\/tlumik.avi_20241002_180243.556.jpg\" alt=\"\" class=\"wp-image-23\" style=\"border-radius:20px\" srcset=\"https:\/\/emag-design.pl\/wp-content\/uploads\/2024\/11\/tlumik.avi_20241002_180243.556.jpg 1920w, https:\/\/emag-design.pl\/wp-content\/uploads\/2024\/11\/tlumik.avi_20241002_180243.556-300x169.jpg 300w, https:\/\/emag-design.pl\/wp-content\/uploads\/2024\/11\/tlumik.avi_20241002_180243.556-1024x576.jpg 1024w, https:\/\/emag-design.pl\/wp-content\/uploads\/2024\/11\/tlumik.avi_20241002_180243.556-768x432.jpg 768w, https:\/\/emag-design.pl\/wp-content\/uploads\/2024\/11\/tlumik.avi_20241002_180243.556-1536x864.jpg 1536w\" sizes=\"auto, (max-width: 1920px) 100vw, 1920px\" \/><\/figure>\n<\/div>\n\n\n\n<div class=\"wp-block-group alignfull is-layout-flow wp-block-group-is-layout-flow\" style=\"border-radius:0px;margin-top:0;margin-bottom:0;padding-top:var(--wp--preset--spacing--10);padding-right:var(--wp--preset--spacing--40);padding-bottom:var(--wp--preset--spacing--10);padding-left:var(--wp--preset--spacing--40)\">\n<div class=\"wp-block-group alignwide has-global-padding is-layout-constrained wp-container-core-group-is-layout-9caac87c wp-block-group-is-layout-constrained\" style=\"padding-right:0;padding-left:0\">\n<div class=\"wp-block-group is-vertical is-content-justification-center is-layout-flex wp-container-core-group-is-layout-6329a8f3 wp-block-group-is-layout-flex\">\n<h2 class=\"wp-block-heading has-text-align-center is-style-default\"><strong>G\u0142\u00f3wne obszary naszych kompetencji<\/strong><\/h2>\n<\/div>\n\n\n\n<div class=\"wp-block-columns alignwide is-layout-flex wp-container-core-columns-is-layout-4f3d0b4e wp-block-columns-is-layout-flex\" style=\"padding-right:0;padding-left:0\">\n<div class=\"wp-block-column is-vertically-aligned-center is-layout-flow wp-block-column-is-layout-flow\" style=\"flex-basis:40%\">\n<ul style=\"line-height:1.75\" class=\"wp-block-list is-style-checkmark-list\">\n<li>Analiza pracy, projektowanie i optymalizacja przetwornik\u00f3w elektromagnetycznych specjalnych, w tym wysokoobrotowych maszyn elektrycznych o magnesach trwa\u0142ych, energooszcz\u0119dnych silnik\u00f3w pojazd\u00f3w elektrycznych o zwi\u0119kszonej niezawodno\u015bci, aktuator\u00f3w elektromagnetycznych o ruchu liniowym i obrotowym, system\u00f3w generowania energii elektrycznej i t\u0142umienia drga\u0144 z magnesami trwa\u0142ymi<\/li>\n\n\n\n<li>Systemy wykorzystuj\u0105ce w\u0142a\u015bciwo\u015bci materia\u0142\u00f3w inteligentnych, w tym hamulce i t\u0142umiki drga\u0144 z cieczami sterowanymi polem magnetycznym, uk\u0142ady ch\u0142odzenia magnetycznego, aktuatory z cieczami magneto i elektroreologicznymi<\/li>\n\n\n\n<li>Innowacyjne rozwi\u0105zania w zakresie transportu pionowego i poziomego<\/li>\n<\/ul>\n<\/div>\n\n\n\n<div class=\"wp-block-column is-layout-flow wp-block-column-is-layout-flow\" style=\"flex-basis:50%\">\n<figure class=\"wp-block-gallery has-nested-images columns-default is-cropped wp-block-gallery-3 is-layout-flex wp-block-gallery-is-layout-flex\">\n<figure class=\"wp-block-image size-full has-custom-border is-style-rounded is-style-rounded--2\"><img loading=\"lazy\" decoding=\"async\" width=\"1920\" height=\"1080\" data-id=\"20\" src=\"https:\/\/emag-design.pl\/wp-content\/uploads\/2024\/11\/waga.avi_20241002_180400.065.jpg\" alt=\"\" class=\"wp-image-20\" style=\"border-radius:20px\" srcset=\"https:\/\/emag-design.pl\/wp-content\/uploads\/2024\/11\/waga.avi_20241002_180400.065.jpg 1920w, https:\/\/emag-design.pl\/wp-content\/uploads\/2024\/11\/waga.avi_20241002_180400.065-300x169.jpg 300w, https:\/\/emag-design.pl\/wp-content\/uploads\/2024\/11\/waga.avi_20241002_180400.065-1024x576.jpg 1024w, https:\/\/emag-design.pl\/wp-content\/uploads\/2024\/11\/waga.avi_20241002_180400.065-768x432.jpg 768w, https:\/\/emag-design.pl\/wp-content\/uploads\/2024\/11\/waga.avi_20241002_180400.065-1536x864.jpg 1536w\" sizes=\"auto, (max-width: 1920px) 100vw, 1920px\" \/><\/figure>\n<\/figure>\n<\/div>\n<\/div>\n\n\n\n<div style=\"height:var(--wp--preset--spacing--40)\" aria-hidden=\"true\" class=\"wp-block-spacer\"><\/div>\n\n\n\n<div class=\"wp-block-columns alignwide is-layout-flex wp-container-core-columns-is-layout-d1c656ed wp-block-columns-is-layout-flex\">\n<div class=\"wp-block-column is-layout-flow wp-block-column-is-layout-flow\" style=\"flex-basis:50%\">\n<figure class=\"wp-block-image size-large has-custom-border is-style-rounded is-style-rounded--4\"><img loading=\"lazy\" decoding=\"async\" width=\"1024\" height=\"648\" src=\"https:\/\/emag-design.pl\/wp-content\/uploads\/2024\/11\/Obraz12-1024x648.jpg\" alt=\"\" class=\"wp-image-35\" style=\"border-radius:20px\" srcset=\"https:\/\/emag-design.pl\/wp-content\/uploads\/2024\/11\/Obraz12-1024x648.jpg 1024w, https:\/\/emag-design.pl\/wp-content\/uploads\/2024\/11\/Obraz12-300x190.jpg 300w, https:\/\/emag-design.pl\/wp-content\/uploads\/2024\/11\/Obraz12-768x486.jpg 768w, https:\/\/emag-design.pl\/wp-content\/uploads\/2024\/11\/Obraz12.jpg 1061w\" sizes=\"auto, (max-width: 1024px) 100vw, 1024px\" \/><\/figure>\n<\/div>\n\n\n\n<div class=\"wp-block-column is-vertically-aligned-center is-layout-flow wp-block-column-is-layout-flow\" style=\"flex-basis:40%\">\n<ul style=\"line-height:1.75\" class=\"wp-block-list is-style-checkmark-list\">\n<li>Opracowanie konstrukcji nowych typ\u00f3w przetwornik\u00f3w o nietypowej zasadzie dzia\u0142ania i zastosowaniu<\/li>\n\n\n\n<li>Budowa prototyp\u00f3w i badania wy\u017cej wymienionych przetwornik\u00f3w i system\u00f3w<\/li>\n\n\n\n<li>Tr\u00f3jwymiarowe wizualizacje i animacje obiekt\u00f3w technicznych z zastosowaniem najnowocze\u015bniejszych narz\u0119dzi do grafiki tr\u00f3jwymiarowej (3dMax Studio, V-ray etc.) oraz technik virtual oraz augemented reality<\/li>\n\n\n\n<li>Doradztwo techniczne i ekspertyzy, wspieranie klient\u00f3w wiedz\u0105 i do\u015bwiadczeniem przy podejmowaniu kluczowych decyzji technicznych.<\/li>\n<\/ul>\n<\/div>\n<\/div>\n<\/div>\n<\/div>\n\n\n\n<p><\/p>\n","protected":false},"excerpt":{"rendered":"<p>EMAG DESIGN sp. z o.o. to Tw\u00f3j partner w dziedzinie bada\u0144 i rozwoju w obszarze elektromagnetyzmu Misj\u0105 naszej firmy jest zapewnienie swoim klientom us\u0142ug badawczo-rozwojowych i in\u017cynierskich na poziomie \u015bwiatowym przy jednoczesnym zachowaniu rozs\u0105dnych koszt\u00f3w. Od 2013 roku dzia\u0142amy w obszarze prac badawczo-rozwojowych i zaawansowanych oblicze\u0144 projektowych i optymalizacyjnych oraz symulacji komputerowych. Wsp\u00f3\u0142pracujemy z wybitnymi [&hellip;]<\/p>\n","protected":false},"author":1,"featured_media":19,"parent":0,"menu_order":0,"comment_status":"closed","ping_status":"closed","template":"","meta":{"footnotes":""},"class_list":["post-18","page","type-page","status-publish","has-post-thumbnail","hentry"],"_links":{"self":[{"href":"https:\/\/emag-design.pl\/index.php\/wp-json\/wp\/v2\/pages\/18","targetHints":{"allow":["GET"]}}],"collection":[{"href":"https:\/\/emag-design.pl\/index.php\/wp-json\/wp\/v2\/pages"}],"about":[{"href":"https:\/\/emag-design.pl\/index.php\/wp-json\/wp\/v2\/types\/page"}],"author":[{"embeddable":true,"href":"https:\/\/emag-design.pl\/index.php\/wp-json\/wp\/v2\/users\/1"}],"replies":[{"embeddable":true,"href":"https:\/\/emag-design.pl\/index.php\/wp-json\/wp\/v2\/comments?post=18"}],"version-history":[{"count":14,"href":"https:\/\/emag-design.pl\/index.php\/wp-json\/wp\/v2\/pages\/18\/revisions"}],"predecessor-version":[{"id":67,"href":"https:\/\/emag-design.pl\/index.php\/wp-json\/wp\/v2\/pages\/18\/revisions\/67"}],"wp:featuredmedia":[{"embeddable":true,"href":"https:\/\/emag-design.pl\/index.php\/wp-json\/wp\/v2\/media\/19"}],"wp:attachment":[{"href":"https:\/\/emag-design.pl\/index.php\/wp-json\/wp\/v2\/media?parent=18"}],"curies":[{"name":"wp","href":"https:\/\/api.w.org\/{rel}","templated":true}]}}